  {"id":22715,"date":"2025-01-15T15:36:57","date_gmt":"2025-01-15T14:36:57","guid":{"rendered":"https:\/\/somconnexio.coop\/?page_id=22715"},"modified":"2025-02-22T09:14:05","modified_gmt":"2025-02-22T08:14:05","slug":"tarifas-internet-movil","status":"publish","type":"page","link":"https:\/\/somconnexio.coop\/es\/tarifas-internet-movil\/","title":{"rendered":"Packs de fibra y m\u00f3vil"},"content":{"rendered":"\n<div class=\"wp-block-group alignfull is-vertical is-content-justification-stretch is-layout-flex wp-container-core-group-is-layout-353c4f5a wp-block-group-is-layout-flex\" id=\"tariff-internet\"><div class='wp-react-root' data-route='\/tariffs\/internet_and_mobile?locale=es'><\/div>\n<\/div>\n","protected":false},"excerpt":{"rendered":"","protected":false},"author":11,"featured_media":24589,"parent":0,"menu_order":0,"comment_status":"closed","ping_status":"closed","template":"wp-custom-template-no-footer","meta":{"footnotes":""},"class_list":["post-22715","page","type-page","status-publish","has-post-thumbnail","hentry"],"yoast_head":"<!-- This site is optimized with the Yoast SEO plugin v25.1 - https:\/\/yoast.com\/wordpress\/plugins\/seo\/ -->\n<title>Packs de fibra y m\u00f3vil - Somos Conexi\u00f3n<\/title>\n<meta name=\"description\" content=\"Encuentra en Somos Conexi\u00f3n la mejor oferta de m\u00f3vil y fibra \u00f3ptica. Packs de fibra + m\u00f3vil sin permanencia ni costes de alta.\" \/>\n<meta name=\"robots\" content=\"index, follow, max-snippet:-1, max-image-preview:large, max-video-preview:-1\" \/>\n<link rel=\"canonical\" href=\"https:\/\/somconnexio.coop\/es\/tarifas-internet-movil\/\" \/>\n<meta property=\"og:locale\" content=\"es_ES\" \/>\n<meta property=\"og:type\" content=\"article\" \/>\n<meta property=\"og:title\" content=\"Packs de fibra y m\u00f3vil - Somos Conexi\u00f3n\" \/>\n<meta property=\"og:description\" content=\"Encuentra en Somos Conexi\u00f3n la mejor oferta de m\u00f3vil y fibra \u00f3ptica. Packs de fibra + m\u00f3vil sin permanencia ni costes de alta.\" \/>\n<meta property=\"og:url\" content=\"https:\/\/somconnexio.coop\/es\/tarifas-internet-movil\/\" \/>\n<meta property=\"og:site_name\" content=\"Somos Conexi\u00f3n\" \/>\n<meta property=\"article:modified_time\" content=\"2025-02-22T08:14:05+00:00\" \/>\n<meta property=\"og:image\" content=\"https:\/\/somconnexio.coop\/wp-content\/uploads\/2025\/02\/Thumb-tarifas-internetmovil-cas.png\" \/>\n\t<meta property=\"og:image:width\" content=\"1371\" \/>\n\t<meta property=\"og:image:height\" content=\"720\" \/>\n\t<meta property=\"og:image:type\" content=\"image\/png\" \/>\n<meta name=\"twitter:card\" content=\"summary_large_image\" \/>\n<meta name=\"twitter:label1\" content=\"Tiempo de lectura\" \/>\n\t<meta name=\"twitter:data1\" content=\"1 minuto\" \/>\n<script type=\"application\/ld+json\" class=\"yoast-schema-graph\">{\"@context\":\"https:\/\/schema.org\",\"@graph\":[{\"@type\":\"WebPage\",\"@id\":\"https:\/\/somconnexio.coop\/es\/tarifas-internet-movil\/\",\"url\":\"https:\/\/somconnexio.coop\/es\/tarifas-internet-movil\/\",\"name\":\"Packs de fibra y m\u00f3vil - Somos Conexi\u00f3n\",\"isPartOf\":{\"@id\":\"https:\/\/somconnexio.coop\/#website\"},\"primaryImageOfPage\":{\"@id\":\"https:\/\/somconnexio.coop\/es\/tarifas-internet-movil\/#primaryimage\"},\"image\":{\"@id\":\"https:\/\/somconnexio.coop\/es\/tarifas-internet-movil\/#primaryimage\"},\"thumbnailUrl\":\"https:\/\/somconnexio.coop\/wp-content\/uploads\/2025\/02\/Thumb-tarifas-internetmovil-cas.png\",\"datePublished\":\"2025-01-15T14:36:57+00:00\",\"dateModified\":\"2025-02-22T08:14:05+00:00\",\"description\":\"Encuentra en Somos Conexi\u00f3n la mejor oferta de m\u00f3vil y fibra \u00f3ptica. Packs de fibra + m\u00f3vil sin permanencia ni costes de alta.\",\"breadcrumb\":{\"@id\":\"https:\/\/somconnexio.coop\/es\/tarifas-internet-movil\/#breadcrumb\"},\"inLanguage\":\"es\",\"potentialAction\":[{\"@type\":\"ReadAction\",\"target\":[\"https:\/\/somconnexio.coop\/es\/tarifas-internet-movil\/\"]}]},{\"@type\":\"ImageObject\",\"inLanguage\":\"es\",\"@id\":\"https:\/\/somconnexio.coop\/es\/tarifas-internet-movil\/#primaryimage\",\"url\":\"https:\/\/somconnexio.coop\/wp-content\/uploads\/2025\/02\/Thumb-tarifas-internetmovil-cas.png\",\"contentUrl\":\"https:\/\/somconnexio.coop\/wp-content\/uploads\/2025\/02\/Thumb-tarifas-internetmovil-cas.png\",\"width\":1371,\"height\":720},{\"@type\":\"BreadcrumbList\",\"@id\":\"https:\/\/somconnexio.coop\/es\/tarifas-internet-movil\/#breadcrumb\",\"itemListElement\":[{\"@type\":\"ListItem\",\"position\":1,\"name\":\"Portada\",\"item\":\"https:\/\/somconnexio.coop\/es\/\"},{\"@type\":\"ListItem\",\"position\":2,\"name\":\"Packs de fibra y m\u00f3vil\"}]},{\"@type\":\"WebSite\",\"@id\":\"https:\/\/somconnexio.coop\/#website\",\"url\":\"https:\/\/somconnexio.coop\/\",\"name\":\"Somos Conexi\u00f3n\",\"description\":\"la 1a cooperativa de telefon\u00eda e internet\",\"potentialAction\":[{\"@type\":\"SearchAction\",\"target\":{\"@type\":\"EntryPoint\",\"urlTemplate\":\"https:\/\/somconnexio.coop\/?s={search_term_string}\"},\"query-input\":{\"@type\":\"PropertyValueSpecification\",\"valueRequired\":true,\"valueName\":\"search_term_string\"}}],\"inLanguage\":\"es\"}]}<\/script>\n<!-- \/ Yoast SEO plugin. -->","yoast_head_json":{"title":"Packs de fibra y m\u00f3vil - Somos Conexi\u00f3n","description":"Encuentra en Somos Conexi\u00f3n la mejor oferta de m\u00f3vil y fibra \u00f3ptica. Packs de fibra + m\u00f3vil sin permanencia ni costes de alta.","robots":{"index":"index","follow":"follow","max-snippet":"max-snippet:-1","max-image-preview":"max-image-preview:large","max-video-preview":"max-video-preview:-1"},"canonical":"https:\/\/somconnexio.coop\/es\/tarifas-internet-movil\/","og_locale":"es_ES","og_type":"article","og_title":"Packs de fibra y m\u00f3vil - Somos Conexi\u00f3n","og_description":"Encuentra en Somos Conexi\u00f3n la mejor oferta de m\u00f3vil y fibra \u00f3ptica. Packs de fibra + m\u00f3vil sin permanencia ni costes de alta.","og_url":"https:\/\/somconnexio.coop\/es\/tarifas-internet-movil\/","og_site_name":"Somos Conexi\u00f3n","article_modified_time":"2025-02-22T08:14:05+00:00","og_image":[{"width":1371,"height":720,"url":"https:\/\/somconnexio.coop\/wp-content\/uploads\/2025\/02\/Thumb-tarifas-internetmovil-cas.png","type":"image\/png"}],"twitter_card":"summary_large_image","twitter_misc":{"Tiempo de lectura":"1 minuto"},"schema":{"@context":"https:\/\/schema.org","@graph":[{"@type":"WebPage","@id":"https:\/\/somconnexio.coop\/es\/tarifas-internet-movil\/","url":"https:\/\/somconnexio.coop\/es\/tarifas-internet-movil\/","name":"Packs de fibra y m\u00f3vil - Somos Conexi\u00f3n","isPartOf":{"@id":"https:\/\/somconnexio.coop\/#website"},"primaryImageOfPage":{"@id":"https:\/\/somconnexio.coop\/es\/tarifas-internet-movil\/#primaryimage"},"image":{"@id":"https:\/\/somconnexio.coop\/es\/tarifas-internet-movil\/#primaryimage"},"thumbnailUrl":"https:\/\/somconnexio.coop\/wp-content\/uploads\/2025\/02\/Thumb-tarifas-internetmovil-cas.png","datePublished":"2025-01-15T14:36:57+00:00","dateModified":"2025-02-22T08:14:05+00:00","description":"Encuentra en Somos Conexi\u00f3n la mejor oferta de m\u00f3vil y fibra \u00f3ptica. Packs de fibra + m\u00f3vil sin permanencia ni costes de alta.","breadcrumb":{"@id":"https:\/\/somconnexio.coop\/es\/tarifas-internet-movil\/#breadcrumb"},"inLanguage":"es","potentialAction":[{"@type":"ReadAction","target":["https:\/\/somconnexio.coop\/es\/tarifas-internet-movil\/"]}]},{"@type":"ImageObject","inLanguage":"es","@id":"https:\/\/somconnexio.coop\/es\/tarifas-internet-movil\/#primaryimage","url":"https:\/\/somconnexio.coop\/wp-content\/uploads\/2025\/02\/Thumb-tarifas-internetmovil-cas.png","contentUrl":"https:\/\/somconnexio.coop\/wp-content\/uploads\/2025\/02\/Thumb-tarifas-internetmovil-cas.png","width":1371,"height":720},{"@type":"BreadcrumbList","@id":"https:\/\/somconnexio.coop\/es\/tarifas-internet-movil\/#breadcrumb","itemListElement":[{"@type":"ListItem","position":1,"name":"Portada","item":"https:\/\/somconnexio.coop\/es\/"},{"@type":"ListItem","position":2,"name":"Packs de fibra y m\u00f3vil"}]},{"@type":"WebSite","@id":"https:\/\/somconnexio.coop\/#website","url":"https:\/\/somconnexio.coop\/","name":"Somos Conexi\u00f3n","description":"la 1a cooperativa de telefon\u00eda e internet","potentialAction":[{"@type":"SearchAction","target":{"@type":"EntryPoint","urlTemplate":"https:\/\/somconnexio.coop\/?s={search_term_string}"},"query-input":{"@type":"PropertyValueSpecification","valueRequired":true,"valueName":"search_term_string"}}],"inLanguage":"es"}]}},"_links":{"self":[{"href":"https:\/\/somconnexio.coop\/es\/wp-json\/wp\/v2\/pages\/22715","targetHints":{"allow":["GET"]}}],"collection":[{"href":"https:\/\/somconnexio.coop\/es\/wp-json\/wp\/v2\/pages"}],"about":[{"href":"https:\/\/somconnexio.coop\/es\/wp-json\/wp\/v2\/types\/page"}],"author":[{"embeddable":true,"href":"https:\/\/somconnexio.coop\/es\/wp-json\/wp\/v2\/users\/11"}],"replies":[{"embeddable":true,"href":"https:\/\/somconnexio.coop\/es\/wp-json\/wp\/v2\/comments?post=22715"}],"version-history":[{"count":4,"href":"https:\/\/somconnexio.coop\/es\/wp-json\/wp\/v2\/pages\/22715\/revisions"}],"predecessor-version":[{"id":24641,"href":"https:\/\/somconnexio.coop\/es\/wp-json\/wp\/v2\/pages\/22715\/revisions\/24641"}],"wp:featuredmedia":[{"embeddable":true,"href":"https:\/\/somconnexio.coop\/es\/wp-json\/wp\/v2\/media\/24589"}],"wp:attachment":[{"href":"https:\/\/somconnexio.coop\/es\/wp-json\/wp\/v2\/media?parent=22715"}],"curies":[{"name":"wp","href":"https:\/\/api.w.org\/{rel}","templated":true}]}}