  {"id":22737,"date":"2025-01-16T13:08:10","date_gmt":"2025-01-16T12:08:10","guid":{"rendered":"https:\/\/somconnexio.local\/?page_id=22737"},"modified":"2025-02-24T21:58:51","modified_gmt":"2025-02-24T20:58:51","slug":"equipo","status":"publish","type":"page","link":"https:\/\/somconnexio.coop\/es\/nosotros\/equipo\/","title":{"rendered":"Equipo"},"content":{"rendered":"\n<div style=\"background-image:url(&#039;https:\/\/somconnexio.coop\/wp-content\/uploads\/2025\/02\/Vots_opacity.png&#039;);background-size:cover;background-attachment:scroll;\" class=\"wp-block-group alignfull has-global-padding is-layout-constrained wp-block-group-is-layout-constrained has-background\">\n<div class=\"wp-block-group alignfull sc-breadcrumbs-white has-global-padding is-layout-constrained wp-container-core-group-is-layout-95339512 wp-block-group-is-layout-constrained\" id=\"breadcrumbs-container\" style=\"padding-top:24px;padding-right:24px;padding-bottom:24px;padding-left:24px\"><ul class=\"sc-breadcrumbs\"><li class=\"sc-breadcrumbs-item\">Nosotros<\/li><li class=\"sc-breadcrumbs-item\">Equipo<\/li><\/ul>\n<\/div>\n\n\n\n<div class=\"wp-block-group alignfull is-vertical is-layout-flex wp-container-core-group-is-layout-2d729e81 wp-block-group-is-layout-flex\" id=\"sc-layout-stretch\" style=\"min-height:670px\">\n<p class=\"has-white-color has-text-color has-link-color wp-elements-e0cd234802fc117219728a1145d58a2b\" style=\"font-style:normal;font-weight:600\">Equipo<\/p>\n\n\n\n<div class=\"wp-block-group is-vertical is-content-justification-stretch is-layout-flex wp-container-core-group-is-layout-353c4f5a wp-block-group-is-layout-flex\">\n<h1 class=\"wp-block-heading has-white-color has-text-color has-link-color wp-elements-285796089b0ee6e7961b602e29a90ccd\">Asamblea de socios<\/h1>\n\n\n\n<p class=\"has-white-color has-text-color has-link-color has-xlarge-font-size wp-elements-2c32ff347b58e8d3ed08d3eaec5871ab\">Todos los usuarios y usuarias de Somos Conexi\u00f3n pueden ser socios de la cooperativa con una aportaci\u00f3n de capital social de 100\u20ac. Esto significa que los usuarios son los propietarios y tienen (tienes) el control real sobre la cooperativa a trav\u00e9s de la asamblea de socios. La asamblea se re\u00fane de forma anual, y es el m\u00e1ximo \u00f3rgano de toma de decisiones y representaci\u00f3n de la cooperativa: una persona, un voto.<\/p>\n\n\n\n<div style=\"height:0px\" aria-hidden=\"true\" class=\"wp-block-spacer wp-container-content-7cd39ab2\"><\/div>\n\n\n\n<div class=\"wp-block-buttons is-layout-flex wp-block-buttons-is-layout-flex\">\n<div class=\"wp-block-button\"><a class=\"wp-block-button__link has-black-color has-white-background-color has-text-color has-background has-link-color wp-element-button\" href=\"#equipo\">Ver equipo<\/a><\/div>\n<\/div>\n<\/div>\n<\/div>\n<\/div>\n\n\n\n<div class=\"wp-block-group alignfull has-global-padding is-layout-constrained wp-block-group-is-layout-constrained\" id=\"sc-layout\">\n<h2 class=\"wp-block-heading has-text-align-left\" id=\"equipo\">Equipo<\/h2>\n\n\n\n<div class=\"wp-block-group alignfull has-global-padding is-layout-constrained wp-block-group-is-layout-constrained\" id=\"sc-team-filters\">    <div class=\"waf-form waf-tax-form\" aria-controls=\"#team-members\">\n        <div class=\"waf-control\" data-type=\"checkbox\" id=\"team_taxonomy\">\n            <p>Taxonomia de l'equip<\/p>\n            <div class=\"wp-block-buttons is-layout-flex wp-block-buttons-is-layout-flex\">\n                                    <div class=\"wp-block-button\">\n                        <a class=\"wp-block-button__link wp-element-button\">Consejo rector<\/a>\n                        <input style=\"display:none\" type=\"checkbox\" name=\"consejo-rector-es\" aria-hidden=\"true\" hidden \/>\n                    <\/div>\n                                    <div class=\"wp-block-button\">\n                        <a class=\"wp-block-button__link wp-element-button\">Equipo t\u00e9cnico<\/a>\n                        <input style=\"display:none\" type=\"checkbox\" name=\"equipo-tecnico-es\" aria-hidden=\"true\" hidden \/>\n                    <\/div>\n                                    <div class=\"wp-block-button\">\n                        <a class=\"wp-block-button__link wp-element-button\">Interventores<\/a>\n                        <input style=\"display:none\" type=\"checkbox\" name=\"interventores-2\" aria-hidden=\"true\" hidden \/>\n                    <\/div>\n                            <\/div>\n            <div class=\"waf-control\" data-type=\"hidden\" aria-hidden=\"true\" style=\"display: none\">\n                <input type=\"text\" name=\"post_type\" value=\"team\" \/>\n            <\/div>\n            <div class=\"waf-control\" data-type=\"hidden\" aria-hidden=\"true\" style=\"display: none\">\n                <input type=\"text\" name=\"post_type\" value=\"team\" \/>\n            <\/div>\n        <\/div>\n\n    <\/div>\n\n<\/div>\n\n\n\n<div class=\"wp-block-group alignfull has-global-padding is-layout-constrained wp-block-group-is-layout-constrained\" id=\"team-members\"><\/div>\n\n\n\n<div style=\"height:30px\" aria-hidden=\"true\" class=\"wp-block-spacer\"><\/div>\n<\/div>\n\n\n\n<p><\/p>\n","protected":false},"excerpt":{"rendered":"<p>Equipo Asamblea de socios Todos los usuarios y usuarias de Somos Conexi\u00f3n pueden ser socios de la cooperativa con una aportaci\u00f3n de capital social de 100\u20ac. Esto significa que los usuarios son los propietarios y tienen (tienes) el control real sobre la cooperativa a trav\u00e9s de la asamblea de socios. La asamblea se re\u00fane de [&hellip;]<\/p>\n","protected":false},"author":11,"featured_media":24556,"parent":22251,"menu_order":0,"comment_status":"closed","ping_status":"closed","template":"","meta":{"footnotes":""},"class_list":["post-22737","page","type-page","status-publish","has-post-thumbnail","hentry"],"yoast_head":"<!-- This site is optimized with the Yoast SEO plugin v25.1 - https:\/\/yoast.com\/wordpress\/plugins\/seo\/ -->\n<title>Equipo - Somos Conexi\u00f3n<\/title>\n<meta name=\"description\" content=\"No hablar\u00e1s con robots, hablar\u00e1s con un equipo de personas comprometidas con el proyecto que te atender\u00e1n de forma personalizada.\" \/>\n<meta name=\"robots\" content=\"index, follow, max-snippet:-1, max-image-preview:large, max-video-preview:-1\" \/>\n<link rel=\"canonical\" href=\"https:\/\/somconnexio.coop\/es\/nosotros\/equipo\/\" \/>\n<meta property=\"og:locale\" content=\"es_ES\" \/>\n<meta property=\"og:type\" content=\"article\" \/>\n<meta property=\"og:title\" content=\"Equipo - Somos Conexi\u00f3n\" \/>\n<meta property=\"og:description\" content=\"No hablar\u00e1s con robots, hablar\u00e1s con un equipo de personas comprometidas con el proyecto que te atender\u00e1n de forma personalizada.\" \/>\n<meta property=\"og:url\" content=\"https:\/\/somconnexio.coop\/es\/nosotros\/equipo\/\" \/>\n<meta property=\"og:site_name\" content=\"Somos Conexi\u00f3n\" \/>\n<meta property=\"article:modified_time\" content=\"2025-02-24T20:58:51+00:00\" \/>\n<meta property=\"og:image\" content=\"https:\/\/somconnexio.coop\/wp-content\/uploads\/2025\/02\/Thumb-Equipo-cas.png\" \/>\n\t<meta property=\"og:image:width\" content=\"1371\" \/>\n\t<meta property=\"og:image:height\" content=\"720\" \/>\n\t<meta property=\"og:image:type\" content=\"image\/png\" \/>\n<meta name=\"twitter:card\" content=\"summary_large_image\" \/>\n<meta name=\"twitter:label1\" content=\"Tiempo de lectura\" \/>\n\t<meta name=\"twitter:data1\" content=\"1 minuto\" \/>\n<script type=\"application\/ld+json\" class=\"yoast-schema-graph\">{\"@context\":\"https:\/\/schema.org\",\"@graph\":[{\"@type\":\"WebPage\",\"@id\":\"https:\/\/somconnexio.coop\/es\/nosotros\/equipo\/\",\"url\":\"https:\/\/somconnexio.coop\/es\/nosotros\/equipo\/\",\"name\":\"Equipo - Somos Conexi\u00f3n\",\"isPartOf\":{\"@id\":\"https:\/\/somconnexio.coop\/#website\"},\"primaryImageOfPage\":{\"@id\":\"https:\/\/somconnexio.coop\/es\/nosotros\/equipo\/#primaryimage\"},\"image\":{\"@id\":\"https:\/\/somconnexio.coop\/es\/nosotros\/equipo\/#primaryimage\"},\"thumbnailUrl\":\"https:\/\/somconnexio.coop\/wp-content\/uploads\/2025\/02\/Thumb-Equipo-cas.png\",\"datePublished\":\"2025-01-16T12:08:10+00:00\",\"dateModified\":\"2025-02-24T20:58:51+00:00\",\"description\":\"No hablar\u00e1s con robots, hablar\u00e1s con un equipo de personas comprometidas con el proyecto que te atender\u00e1n de forma personalizada.\",\"breadcrumb\":{\"@id\":\"https:\/\/somconnexio.coop\/es\/nosotros\/equipo\/#breadcrumb\"},\"inLanguage\":\"es\",\"potentialAction\":[{\"@type\":\"ReadAction\",\"target\":[\"https:\/\/somconnexio.coop\/es\/nosotros\/equipo\/\"]}]},{\"@type\":\"ImageObject\",\"inLanguage\":\"es\",\"@id\":\"https:\/\/somconnexio.coop\/es\/nosotros\/equipo\/#primaryimage\",\"url\":\"https:\/\/somconnexio.coop\/wp-content\/uploads\/2025\/02\/Thumb-Equipo-cas.png\",\"contentUrl\":\"https:\/\/somconnexio.coop\/wp-content\/uploads\/2025\/02\/Thumb-Equipo-cas.png\",\"width\":1371,\"height\":720},{\"@type\":\"BreadcrumbList\",\"@id\":\"https:\/\/somconnexio.coop\/es\/nosotros\/equipo\/#breadcrumb\",\"itemListElement\":[{\"@type\":\"ListItem\",\"position\":1,\"name\":\"Portada\",\"item\":\"https:\/\/somconnexio.coop\/es\/\"},{\"@type\":\"ListItem\",\"position\":2,\"name\":\"Nosotros\",\"item\":\"https:\/\/somconnexio.coop\/es\/nosotros\/\"},{\"@type\":\"ListItem\",\"position\":3,\"name\":\"Equipo\"}]},{\"@type\":\"WebSite\",\"@id\":\"https:\/\/somconnexio.coop\/#website\",\"url\":\"https:\/\/somconnexio.coop\/\",\"name\":\"Somos Conexi\u00f3n\",\"description\":\"la 1a cooperativa de telefon\u00eda e internet\",\"potentialAction\":[{\"@type\":\"SearchAction\",\"target\":{\"@type\":\"EntryPoint\",\"urlTemplate\":\"https:\/\/somconnexio.coop\/?s={search_term_string}\"},\"query-input\":{\"@type\":\"PropertyValueSpecification\",\"valueRequired\":true,\"valueName\":\"search_term_string\"}}],\"inLanguage\":\"es\"}]}<\/script>\n<!-- \/ Yoast SEO plugin. -->","yoast_head_json":{"title":"Equipo - Somos Conexi\u00f3n","description":"No hablar\u00e1s con robots, hablar\u00e1s con un equipo de personas comprometidas con el proyecto que te atender\u00e1n de forma personalizada.","robots":{"index":"index","follow":"follow","max-snippet":"max-snippet:-1","max-image-preview":"max-image-preview:large","max-video-preview":"max-video-preview:-1"},"canonical":"https:\/\/somconnexio.coop\/es\/nosotros\/equipo\/","og_locale":"es_ES","og_type":"article","og_title":"Equipo - Somos Conexi\u00f3n","og_description":"No hablar\u00e1s con robots, hablar\u00e1s con un equipo de personas comprometidas con el proyecto que te atender\u00e1n de forma personalizada.","og_url":"https:\/\/somconnexio.coop\/es\/nosotros\/equipo\/","og_site_name":"Somos Conexi\u00f3n","article_modified_time":"2025-02-24T20:58:51+00:00","og_image":[{"width":1371,"height":720,"url":"https:\/\/somconnexio.coop\/wp-content\/uploads\/2025\/02\/Thumb-Equipo-cas.png","type":"image\/png"}],"twitter_card":"summary_large_image","twitter_misc":{"Tiempo de lectura":"1 minuto"},"schema":{"@context":"https:\/\/schema.org","@graph":[{"@type":"WebPage","@id":"https:\/\/somconnexio.coop\/es\/nosotros\/equipo\/","url":"https:\/\/somconnexio.coop\/es\/nosotros\/equipo\/","name":"Equipo - Somos Conexi\u00f3n","isPartOf":{"@id":"https:\/\/somconnexio.coop\/#website"},"primaryImageOfPage":{"@id":"https:\/\/somconnexio.coop\/es\/nosotros\/equipo\/#primaryimage"},"image":{"@id":"https:\/\/somconnexio.coop\/es\/nosotros\/equipo\/#primaryimage"},"thumbnailUrl":"https:\/\/somconnexio.coop\/wp-content\/uploads\/2025\/02\/Thumb-Equipo-cas.png","datePublished":"2025-01-16T12:08:10+00:00","dateModified":"2025-02-24T20:58:51+00:00","description":"No hablar\u00e1s con robots, hablar\u00e1s con un equipo de personas comprometidas con el proyecto que te atender\u00e1n de forma personalizada.","breadcrumb":{"@id":"https:\/\/somconnexio.coop\/es\/nosotros\/equipo\/#breadcrumb"},"inLanguage":"es","potentialAction":[{"@type":"ReadAction","target":["https:\/\/somconnexio.coop\/es\/nosotros\/equipo\/"]}]},{"@type":"ImageObject","inLanguage":"es","@id":"https:\/\/somconnexio.coop\/es\/nosotros\/equipo\/#primaryimage","url":"https:\/\/somconnexio.coop\/wp-content\/uploads\/2025\/02\/Thumb-Equipo-cas.png","contentUrl":"https:\/\/somconnexio.coop\/wp-content\/uploads\/2025\/02\/Thumb-Equipo-cas.png","width":1371,"height":720},{"@type":"BreadcrumbList","@id":"https:\/\/somconnexio.coop\/es\/nosotros\/equipo\/#breadcrumb","itemListElement":[{"@type":"ListItem","position":1,"name":"Portada","item":"https:\/\/somconnexio.coop\/es\/"},{"@type":"ListItem","position":2,"name":"Nosotros","item":"https:\/\/somconnexio.coop\/es\/nosotros\/"},{"@type":"ListItem","position":3,"name":"Equipo"}]},{"@type":"WebSite","@id":"https:\/\/somconnexio.coop\/#website","url":"https:\/\/somconnexio.coop\/","name":"Somos Conexi\u00f3n","description":"la 1a cooperativa de telefon\u00eda e internet","potentialAction":[{"@type":"SearchAction","target":{"@type":"EntryPoint","urlTemplate":"https:\/\/somconnexio.coop\/?s={search_term_string}"},"query-input":{"@type":"PropertyValueSpecification","valueRequired":true,"valueName":"search_term_string"}}],"inLanguage":"es"}]}},"_links":{"self":[{"href":"https:\/\/somconnexio.coop\/es\/wp-json\/wp\/v2\/pages\/22737","targetHints":{"allow":["GET"]}}],"collection":[{"href":"https:\/\/somconnexio.coop\/es\/wp-json\/wp\/v2\/pages"}],"about":[{"href":"https:\/\/somconnexio.coop\/es\/wp-json\/wp\/v2\/types\/page"}],"author":[{"embeddable":true,"href":"https:\/\/somconnexio.coop\/es\/wp-json\/wp\/v2\/users\/11"}],"replies":[{"embeddable":true,"href":"https:\/\/somconnexio.coop\/es\/wp-json\/wp\/v2\/comments?post=22737"}],"version-history":[{"count":38,"href":"https:\/\/somconnexio.coop\/es\/wp-json\/wp\/v2\/pages\/22737\/revisions"}],"predecessor-version":[{"id":24892,"href":"https:\/\/somconnexio.coop\/es\/wp-json\/wp\/v2\/pages\/22737\/revisions\/24892"}],"up":[{"embeddable":true,"href":"https:\/\/somconnexio.coop\/es\/wp-json\/wp\/v2\/pages\/22251"}],"wp:featuredmedia":[{"embeddable":true,"href":"https:\/\/somconnexio.coop\/es\/wp-json\/wp\/v2\/media\/24556"}],"wp:attachment":[{"href":"https:\/\/somconnexio.coop\/es\/wp-json\/wp\/v2\/media?parent=22737"}],"curies":[{"name":"wp","href":"https:\/\/api.w.org\/{rel}","templated":true}]}}