  {"id":23106,"date":"2025-01-30T14:05:02","date_gmt":"2025-01-30T13:05:02","guid":{"rendered":"https:\/\/somconnexio.coop\/?page_id=23106"},"modified":"2025-02-22T10:31:28","modified_gmt":"2025-02-22T09:31:28","slug":"asociarme","status":"publish","type":"page","link":"https:\/\/somconnexio.coop\/es\/nosotros\/asociarme\/","title":{"rendered":"Asociarme"},"content":{"rendered":"\n<div class=\"wp-block-group alignfull is-vertical is-content-justification-stretch is-nowrap is-layout-flex wp-container-core-group-is-layout-73b0033c wp-block-group-is-layout-flex\" id=\"tariff-internet\"><div class='wp-react-root' data-route='\/join?locale=es'><\/div>\n<\/div>\n","protected":false},"excerpt":{"rendered":"","protected":false},"author":11,"featured_media":24564,"parent":22251,"menu_order":0,"comment_status":"closed","ping_status":"closed","template":"wp-custom-template-no-footer","meta":{"footnotes":""},"class_list":["post-23106","page","type-page","status-publish","has-post-thumbnail","hentry"],"yoast_head":"<!-- This site is optimized with the Yoast SEO plugin v25.1 - https:\/\/yoast.com\/wordpress\/plugins\/seo\/ -->\n<title>Asociarme | Somos Conexi\u00f3n<\/title>\n<meta name=\"description\" content=\"Somos Conexi\u00f3n es una compa\u00f1\u00eda de telefon\u00eda diferente en la que todos los usuarios y usuarias son socios. Asociate aportando 100\u20ac retornables.\" \/>\n<meta name=\"robots\" content=\"index, follow, max-snippet:-1, max-image-preview:large, max-video-preview:-1\" \/>\n<link rel=\"canonical\" href=\"https:\/\/somconnexio.coop\/es\/nosotros\/asociarme\/\" \/>\n<meta property=\"og:locale\" content=\"es_ES\" \/>\n<meta property=\"og:type\" content=\"article\" \/>\n<meta property=\"og:title\" content=\"Asociarme | Somos Conexi\u00f3n\" \/>\n<meta property=\"og:description\" content=\"Somos Conexi\u00f3n es una compa\u00f1\u00eda de telefon\u00eda diferente en la que todos los usuarios y usuarias son socios. Asociate aportando 100\u20ac retornables.\" \/>\n<meta property=\"og:url\" content=\"https:\/\/somconnexio.coop\/es\/nosotros\/asociarme\/\" \/>\n<meta property=\"og:site_name\" content=\"Somos Conexi\u00f3n\" \/>\n<meta property=\"article:modified_time\" content=\"2025-02-22T09:31:28+00:00\" \/>\n<meta property=\"og:image\" content=\"https:\/\/somconnexio.coop\/wp-content\/uploads\/2025\/02\/Thumb-Asociarse-cas-1.png\" \/>\n\t<meta property=\"og:image:width\" content=\"1371\" \/>\n\t<meta property=\"og:image:height\" content=\"720\" \/>\n\t<meta property=\"og:image:type\" content=\"image\/png\" \/>\n<meta name=\"twitter:card\" content=\"summary_large_image\" \/>\n<meta name=\"twitter:label1\" content=\"Tiempo de lectura\" \/>\n\t<meta name=\"twitter:data1\" content=\"1 minuto\" \/>\n<script type=\"application\/ld+json\" class=\"yoast-schema-graph\">{\"@context\":\"https:\/\/schema.org\",\"@graph\":[{\"@type\":\"WebPage\",\"@id\":\"https:\/\/somconnexio.coop\/es\/nosotros\/asociarme\/\",\"url\":\"https:\/\/somconnexio.coop\/es\/nosotros\/asociarme\/\",\"name\":\"Asociarme | Somos Conexi\u00f3n\",\"isPartOf\":{\"@id\":\"https:\/\/somconnexio.coop\/#website\"},\"primaryImageOfPage\":{\"@id\":\"https:\/\/somconnexio.coop\/es\/nosotros\/asociarme\/#primaryimage\"},\"image\":{\"@id\":\"https:\/\/somconnexio.coop\/es\/nosotros\/asociarme\/#primaryimage\"},\"thumbnailUrl\":\"https:\/\/somconnexio.coop\/wp-content\/uploads\/2025\/02\/Thumb-Asociarse-cas-1.png\",\"datePublished\":\"2025-01-30T13:05:02+00:00\",\"dateModified\":\"2025-02-22T09:31:28+00:00\",\"description\":\"Somos Conexi\u00f3n es una compa\u00f1\u00eda de telefon\u00eda diferente en la que todos los usuarios y usuarias son socios. Asociate aportando 100\u20ac retornables.\",\"breadcrumb\":{\"@id\":\"https:\/\/somconnexio.coop\/es\/nosotros\/asociarme\/#breadcrumb\"},\"inLanguage\":\"es\",\"potentialAction\":[{\"@type\":\"ReadAction\",\"target\":[\"https:\/\/somconnexio.coop\/es\/nosotros\/asociarme\/\"]}]},{\"@type\":\"ImageObject\",\"inLanguage\":\"es\",\"@id\":\"https:\/\/somconnexio.coop\/es\/nosotros\/asociarme\/#primaryimage\",\"url\":\"https:\/\/somconnexio.coop\/wp-content\/uploads\/2025\/02\/Thumb-Asociarse-cas-1.png\",\"contentUrl\":\"https:\/\/somconnexio.coop\/wp-content\/uploads\/2025\/02\/Thumb-Asociarse-cas-1.png\",\"width\":1371,\"height\":720},{\"@type\":\"BreadcrumbList\",\"@id\":\"https:\/\/somconnexio.coop\/es\/nosotros\/asociarme\/#breadcrumb\",\"itemListElement\":[{\"@type\":\"ListItem\",\"position\":1,\"name\":\"Portada\",\"item\":\"https:\/\/somconnexio.coop\/es\/\"},{\"@type\":\"ListItem\",\"position\":2,\"name\":\"Nosotros\",\"item\":\"https:\/\/somconnexio.coop\/es\/nosotros\/\"},{\"@type\":\"ListItem\",\"position\":3,\"name\":\"Asociarme\"}]},{\"@type\":\"WebSite\",\"@id\":\"https:\/\/somconnexio.coop\/#website\",\"url\":\"https:\/\/somconnexio.coop\/\",\"name\":\"Somos Conexi\u00f3n\",\"description\":\"la 1a cooperativa de telefon\u00eda e internet\",\"potentialAction\":[{\"@type\":\"SearchAction\",\"target\":{\"@type\":\"EntryPoint\",\"urlTemplate\":\"https:\/\/somconnexio.coop\/?s={search_term_string}\"},\"query-input\":{\"@type\":\"PropertyValueSpecification\",\"valueRequired\":true,\"valueName\":\"search_term_string\"}}],\"inLanguage\":\"es\"}]}<\/script>\n<!-- \/ Yoast SEO plugin. -->","yoast_head_json":{"title":"Asociarme | Somos Conexi\u00f3n","description":"Somos Conexi\u00f3n es una compa\u00f1\u00eda de telefon\u00eda diferente en la que todos los usuarios y usuarias son socios. Asociate aportando 100\u20ac retornables.","robots":{"index":"index","follow":"follow","max-snippet":"max-snippet:-1","max-image-preview":"max-image-preview:large","max-video-preview":"max-video-preview:-1"},"canonical":"https:\/\/somconnexio.coop\/es\/nosotros\/asociarme\/","og_locale":"es_ES","og_type":"article","og_title":"Asociarme | Somos Conexi\u00f3n","og_description":"Somos Conexi\u00f3n es una compa\u00f1\u00eda de telefon\u00eda diferente en la que todos los usuarios y usuarias son socios. Asociate aportando 100\u20ac retornables.","og_url":"https:\/\/somconnexio.coop\/es\/nosotros\/asociarme\/","og_site_name":"Somos Conexi\u00f3n","article_modified_time":"2025-02-22T09:31:28+00:00","og_image":[{"width":1371,"height":720,"url":"https:\/\/somconnexio.coop\/wp-content\/uploads\/2025\/02\/Thumb-Asociarse-cas-1.png","type":"image\/png"}],"twitter_card":"summary_large_image","twitter_misc":{"Tiempo de lectura":"1 minuto"},"schema":{"@context":"https:\/\/schema.org","@graph":[{"@type":"WebPage","@id":"https:\/\/somconnexio.coop\/es\/nosotros\/asociarme\/","url":"https:\/\/somconnexio.coop\/es\/nosotros\/asociarme\/","name":"Asociarme | Somos Conexi\u00f3n","isPartOf":{"@id":"https:\/\/somconnexio.coop\/#website"},"primaryImageOfPage":{"@id":"https:\/\/somconnexio.coop\/es\/nosotros\/asociarme\/#primaryimage"},"image":{"@id":"https:\/\/somconnexio.coop\/es\/nosotros\/asociarme\/#primaryimage"},"thumbnailUrl":"https:\/\/somconnexio.coop\/wp-content\/uploads\/2025\/02\/Thumb-Asociarse-cas-1.png","datePublished":"2025-01-30T13:05:02+00:00","dateModified":"2025-02-22T09:31:28+00:00","description":"Somos Conexi\u00f3n es una compa\u00f1\u00eda de telefon\u00eda diferente en la que todos los usuarios y usuarias son socios. Asociate aportando 100\u20ac retornables.","breadcrumb":{"@id":"https:\/\/somconnexio.coop\/es\/nosotros\/asociarme\/#breadcrumb"},"inLanguage":"es","potentialAction":[{"@type":"ReadAction","target":["https:\/\/somconnexio.coop\/es\/nosotros\/asociarme\/"]}]},{"@type":"ImageObject","inLanguage":"es","@id":"https:\/\/somconnexio.coop\/es\/nosotros\/asociarme\/#primaryimage","url":"https:\/\/somconnexio.coop\/wp-content\/uploads\/2025\/02\/Thumb-Asociarse-cas-1.png","contentUrl":"https:\/\/somconnexio.coop\/wp-content\/uploads\/2025\/02\/Thumb-Asociarse-cas-1.png","width":1371,"height":720},{"@type":"BreadcrumbList","@id":"https:\/\/somconnexio.coop\/es\/nosotros\/asociarme\/#breadcrumb","itemListElement":[{"@type":"ListItem","position":1,"name":"Portada","item":"https:\/\/somconnexio.coop\/es\/"},{"@type":"ListItem","position":2,"name":"Nosotros","item":"https:\/\/somconnexio.coop\/es\/nosotros\/"},{"@type":"ListItem","position":3,"name":"Asociarme"}]},{"@type":"WebSite","@id":"https:\/\/somconnexio.coop\/#website","url":"https:\/\/somconnexio.coop\/","name":"Somos Conexi\u00f3n","description":"la 1a cooperativa de telefon\u00eda e internet","potentialAction":[{"@type":"SearchAction","target":{"@type":"EntryPoint","urlTemplate":"https:\/\/somconnexio.coop\/?s={search_term_string}"},"query-input":{"@type":"PropertyValueSpecification","valueRequired":true,"valueName":"search_term_string"}}],"inLanguage":"es"}]}},"_links":{"self":[{"href":"https:\/\/somconnexio.coop\/es\/wp-json\/wp\/v2\/pages\/23106","targetHints":{"allow":["GET"]}}],"collection":[{"href":"https:\/\/somconnexio.coop\/es\/wp-json\/wp\/v2\/pages"}],"about":[{"href":"https:\/\/somconnexio.coop\/es\/wp-json\/wp\/v2\/types\/page"}],"author":[{"embeddable":true,"href":"https:\/\/somconnexio.coop\/es\/wp-json\/wp\/v2\/users\/11"}],"replies":[{"embeddable":true,"href":"https:\/\/somconnexio.coop\/es\/wp-json\/wp\/v2\/comments?post=23106"}],"version-history":[{"count":6,"href":"https:\/\/somconnexio.coop\/es\/wp-json\/wp\/v2\/pages\/23106\/revisions"}],"predecessor-version":[{"id":24667,"href":"https:\/\/somconnexio.coop\/es\/wp-json\/wp\/v2\/pages\/23106\/revisions\/24667"}],"up":[{"embeddable":true,"href":"https:\/\/somconnexio.coop\/es\/wp-json\/wp\/v2\/pages\/22251"}],"wp:featuredmedia":[{"embeddable":true,"href":"https:\/\/somconnexio.coop\/es\/wp-json\/wp\/v2\/media\/24564"}],"wp:attachment":[{"href":"https:\/\/somconnexio.coop\/es\/wp-json\/wp\/v2\/media?parent=23106"}],"curies":[{"name":"wp","href":"https:\/\/api.w.org\/{rel}","templated":true}]}}