  {"id":23488,"date":"2025-02-11T11:31:57","date_gmt":"2025-02-11T10:31:57","guid":{"rendered":"https:\/\/somconnexio.coop\/?page_id=23488"},"modified":"2025-02-22T19:30:25","modified_gmt":"2025-02-22T18:30:25","slug":"consultar-cobertura","status":"publish","type":"page","link":"https:\/\/somconnexio.coop\/es\/consultar-cobertura\/","title":{"rendered":"Consultar cobertura"},"content":{"rendered":"\n<div class=\"wp-block-group alignfull has-seashell-background-color has-background has-global-padding is-layout-constrained wp-block-group-is-layout-constrained\" id=\"coverage-title\">\n<div class=\"wp-block-group alignfull row is-nowrap is-layout-flex wp-container-core-group-is-layout-5c4495dd wp-block-group-is-layout-flex\">\n<div class=\"wp-block-group has-global-padding is-layout-constrained wp-block-group-is-layout-constrained\">\n<p style=\"font-style:normal;font-weight:600;letter-spacing:1.6px\">Cobertura<\/p>\n\n\n\n<h2 class=\"wp-block-heading\">Consulta de cobertura<\/h2>\n\n\n\n<p class=\"has-large-font-size\">Antes de contratar el servicio de Fibra, puedes consultar si tenemos cobertura. Llena el siguiente formulario con tus datos y te confirmaremos por correo electr\u00f3nico qu\u00e9 servicio te podemos ofrecer.<\/p>\n<\/div>\n\n\n\n<div class=\"wp-block-group alignfull has-tan-background-color has-background is-nowrap is-layout-flex wp-container-core-group-is-layout-6c212ee8 wp-block-group-is-layout-flex\" style=\"border-radius:16px;padding-top:16px;padding-right:24px;padding-bottom:16px;padding-left:24px\">\n<figure class=\"wp-block-image size-full\"><img loading=\"lazy\" decoding=\"async\" width=\"32\" height=\"32\" src=\"https:\/\/somconnexio.coop\/wp-content\/uploads\/2025\/02\/questionmark.png\" alt=\"\" class=\"wp-image-23493\"\/><\/figure>\n\n\n\n<div class=\"wp-block-group wp-container-content-663c14dd is-vertical is-layout-flex wp-container-core-group-is-layout-2d729e81 wp-block-group-is-layout-flex\">\n<p style=\"font-style:normal;font-weight:600\">IVA no incluido. Sin permanencia. Instalaci\u00f3n gratuita.<\/p>\n\n\n\n<p>El tiempo de respuesta de los formularios es de un m\u00e1ximo de&nbsp;3 d\u00edas laborables.<\/p>\n<\/div>\n<\/div>\n<\/div>\n\n\n\n<div style=\"height:56px\" aria-hidden=\"true\" class=\"wp-block-spacer\"><\/div>\n<\/div>\n\n\n\n<div class=\"wp-block-group alignfull has-seashell-background-color has-background is-vertical is-content-justification-stretch is-layout-flex wp-container-core-group-is-layout-353c4f5a wp-block-group-is-layout-flex\"><div class='wp-react-root' data-component='\/coverage?locale=es'><\/div>\n<\/div>\n\n\n\n<div class=\"wp-block-group alignfull has-seashell-background-color has-background has-global-padding is-layout-constrained wp-block-group-is-layout-constrained\">\n<figure class=\"wp-block-image alignfull size-full\"><img loading=\"lazy\" decoding=\"async\" width=\"1440\" height=\"466\" src=\"https:\/\/somconnexio.coop\/wp-content\/uploads\/2025\/01\/illustrated-footers.png\" alt=\"\" class=\"wp-image-22390\" srcset=\"https:\/\/somconnexio.coop\/wp-content\/uploads\/2025\/01\/illustrated-footers.png 1440w, https:\/\/somconnexio.coop\/wp-content\/uploads\/2025\/01\/illustrated-footers-300x97.png 300w, https:\/\/somconnexio.coop\/wp-content\/uploads\/2025\/01\/illustrated-footers-1024x331.png 1024w, https:\/\/somconnexio.coop\/wp-content\/uploads\/2025\/01\/illustrated-footers-768x249.png 768w\" sizes=\"auto, (max-width: 1440px) 100vw, 1440px\" \/><\/figure>\n<\/div>\n","protected":false},"excerpt":{"rendered":"<p>Cobertura Consulta de cobertura Antes de contratar el servicio de Fibra, puedes consultar si tenemos cobertura. Llena el siguiente formulario con tus datos y te confirmaremos por correo electr\u00f3nico qu\u00e9 servicio te podemos ofrecer. IVA no incluido. Sin permanencia. Instalaci\u00f3n gratuita. El tiempo de respuesta de los formularios es de un m\u00e1ximo de&nbsp;3 d\u00edas laborables.<\/p>\n","protected":false},"author":11,"featured_media":0,"parent":0,"menu_order":0,"comment_status":"closed","ping_status":"closed","template":"","meta":{"footnotes":""},"class_list":["post-23488","page","type-page","status-publish","hentry"],"yoast_head":"<!-- This site is optimized with the Yoast SEO plugin v25.1 - https:\/\/yoast.com\/wordpress\/plugins\/seo\/ -->\n<title>Consultar cobertura - Somos Conexi\u00f3n<\/title>\n<meta name=\"description\" content=\"Consulta si tenemos cobertura de fibra en tu hogar. Rellena el formulario y te contestaremos en menos de 3 d\u00edas laborables.\" \/>\n<meta name=\"robots\" content=\"index, follow, max-snippet:-1, max-image-preview:large, max-video-preview:-1\" \/>\n<link rel=\"canonical\" href=\"https:\/\/somconnexio.coop\/es\/consultar-cobertura\/\" \/>\n<meta property=\"og:locale\" content=\"es_ES\" \/>\n<meta property=\"og:type\" content=\"article\" \/>\n<meta property=\"og:title\" content=\"Consultar cobertura - Somos Conexi\u00f3n\" \/>\n<meta property=\"og:description\" content=\"Consulta si tenemos cobertura de fibra en tu hogar. Rellena el formulario y te contestaremos en menos de 3 d\u00edas laborables.\" \/>\n<meta property=\"og:url\" content=\"https:\/\/somconnexio.coop\/es\/consultar-cobertura\/\" \/>\n<meta property=\"og:site_name\" content=\"Somos Conexi\u00f3n\" \/>\n<meta property=\"article:modified_time\" content=\"2025-02-22T18:30:25+00:00\" \/>\n<meta property=\"og:image\" content=\"https:\/\/somconnexio.coop\/wp-content\/uploads\/2025\/02\/questionmark.png\" \/>\n\t<meta property=\"og:image:width\" content=\"32\" \/>\n\t<meta property=\"og:image:height\" content=\"32\" \/>\n\t<meta property=\"og:image:type\" content=\"image\/png\" \/>\n<meta name=\"twitter:card\" content=\"summary_large_image\" \/>\n<meta name=\"twitter:label1\" content=\"Tiempo de lectura\" \/>\n\t<meta name=\"twitter:data1\" content=\"1 minuto\" \/>\n<script type=\"application\/ld+json\" class=\"yoast-schema-graph\">{\"@context\":\"https:\/\/schema.org\",\"@graph\":[{\"@type\":\"WebPage\",\"@id\":\"https:\/\/somconnexio.coop\/es\/consultar-cobertura\/\",\"url\":\"https:\/\/somconnexio.coop\/es\/consultar-cobertura\/\",\"name\":\"Consultar cobertura - Somos Conexi\u00f3n\",\"isPartOf\":{\"@id\":\"https:\/\/somconnexio.coop\/#website\"},\"primaryImageOfPage\":{\"@id\":\"https:\/\/somconnexio.coop\/es\/consultar-cobertura\/#primaryimage\"},\"image\":{\"@id\":\"https:\/\/somconnexio.coop\/es\/consultar-cobertura\/#primaryimage\"},\"thumbnailUrl\":\"https:\/\/somconnexio.coop\/wp-content\/uploads\/2025\/02\/questionmark.png\",\"datePublished\":\"2025-02-11T10:31:57+00:00\",\"dateModified\":\"2025-02-22T18:30:25+00:00\",\"description\":\"Consulta si tenemos cobertura de fibra en tu hogar. Rellena el formulario y te contestaremos en menos de 3 d\u00edas laborables.\",\"breadcrumb\":{\"@id\":\"https:\/\/somconnexio.coop\/es\/consultar-cobertura\/#breadcrumb\"},\"inLanguage\":\"es\",\"potentialAction\":[{\"@type\":\"ReadAction\",\"target\":[\"https:\/\/somconnexio.coop\/es\/consultar-cobertura\/\"]}]},{\"@type\":\"ImageObject\",\"inLanguage\":\"es\",\"@id\":\"https:\/\/somconnexio.coop\/es\/consultar-cobertura\/#primaryimage\",\"url\":\"https:\/\/somconnexio.coop\/wp-content\/uploads\/2025\/02\/questionmark.png\",\"contentUrl\":\"https:\/\/somconnexio.coop\/wp-content\/uploads\/2025\/02\/questionmark.png\"},{\"@type\":\"BreadcrumbList\",\"@id\":\"https:\/\/somconnexio.coop\/es\/consultar-cobertura\/#breadcrumb\",\"itemListElement\":[{\"@type\":\"ListItem\",\"position\":1,\"name\":\"Portada\",\"item\":\"https:\/\/somconnexio.coop\/es\/\"},{\"@type\":\"ListItem\",\"position\":2,\"name\":\"Consultar cobertura\"}]},{\"@type\":\"WebSite\",\"@id\":\"https:\/\/somconnexio.coop\/#website\",\"url\":\"https:\/\/somconnexio.coop\/\",\"name\":\"Somos Conexi\u00f3n\",\"description\":\"la 1a cooperativa de telefon\u00eda e internet\",\"potentialAction\":[{\"@type\":\"SearchAction\",\"target\":{\"@type\":\"EntryPoint\",\"urlTemplate\":\"https:\/\/somconnexio.coop\/?s={search_term_string}\"},\"query-input\":{\"@type\":\"PropertyValueSpecification\",\"valueRequired\":true,\"valueName\":\"search_term_string\"}}],\"inLanguage\":\"es\"}]}<\/script>\n<!-- \/ Yoast SEO plugin. -->","yoast_head_json":{"title":"Consultar cobertura - Somos Conexi\u00f3n","description":"Consulta si tenemos cobertura de fibra en tu hogar. Rellena el formulario y te contestaremos en menos de 3 d\u00edas laborables.","robots":{"index":"index","follow":"follow","max-snippet":"max-snippet:-1","max-image-preview":"max-image-preview:large","max-video-preview":"max-video-preview:-1"},"canonical":"https:\/\/somconnexio.coop\/es\/consultar-cobertura\/","og_locale":"es_ES","og_type":"article","og_title":"Consultar cobertura - Somos Conexi\u00f3n","og_description":"Consulta si tenemos cobertura de fibra en tu hogar. Rellena el formulario y te contestaremos en menos de 3 d\u00edas laborables.","og_url":"https:\/\/somconnexio.coop\/es\/consultar-cobertura\/","og_site_name":"Somos Conexi\u00f3n","article_modified_time":"2025-02-22T18:30:25+00:00","og_image":[{"width":32,"height":32,"url":"https:\/\/somconnexio.coop\/wp-content\/uploads\/2025\/02\/questionmark.png","type":"image\/png"}],"twitter_card":"summary_large_image","twitter_misc":{"Tiempo de lectura":"1 minuto"},"schema":{"@context":"https:\/\/schema.org","@graph":[{"@type":"WebPage","@id":"https:\/\/somconnexio.coop\/es\/consultar-cobertura\/","url":"https:\/\/somconnexio.coop\/es\/consultar-cobertura\/","name":"Consultar cobertura - Somos Conexi\u00f3n","isPartOf":{"@id":"https:\/\/somconnexio.coop\/#website"},"primaryImageOfPage":{"@id":"https:\/\/somconnexio.coop\/es\/consultar-cobertura\/#primaryimage"},"image":{"@id":"https:\/\/somconnexio.coop\/es\/consultar-cobertura\/#primaryimage"},"thumbnailUrl":"https:\/\/somconnexio.coop\/wp-content\/uploads\/2025\/02\/questionmark.png","datePublished":"2025-02-11T10:31:57+00:00","dateModified":"2025-02-22T18:30:25+00:00","description":"Consulta si tenemos cobertura de fibra en tu hogar. Rellena el formulario y te contestaremos en menos de 3 d\u00edas laborables.","breadcrumb":{"@id":"https:\/\/somconnexio.coop\/es\/consultar-cobertura\/#breadcrumb"},"inLanguage":"es","potentialAction":[{"@type":"ReadAction","target":["https:\/\/somconnexio.coop\/es\/consultar-cobertura\/"]}]},{"@type":"ImageObject","inLanguage":"es","@id":"https:\/\/somconnexio.coop\/es\/consultar-cobertura\/#primaryimage","url":"https:\/\/somconnexio.coop\/wp-content\/uploads\/2025\/02\/questionmark.png","contentUrl":"https:\/\/somconnexio.coop\/wp-content\/uploads\/2025\/02\/questionmark.png"},{"@type":"BreadcrumbList","@id":"https:\/\/somconnexio.coop\/es\/consultar-cobertura\/#breadcrumb","itemListElement":[{"@type":"ListItem","position":1,"name":"Portada","item":"https:\/\/somconnexio.coop\/es\/"},{"@type":"ListItem","position":2,"name":"Consultar cobertura"}]},{"@type":"WebSite","@id":"https:\/\/somconnexio.coop\/#website","url":"https:\/\/somconnexio.coop\/","name":"Somos Conexi\u00f3n","description":"la 1a cooperativa de telefon\u00eda e internet","potentialAction":[{"@type":"SearchAction","target":{"@type":"EntryPoint","urlTemplate":"https:\/\/somconnexio.coop\/?s={search_term_string}"},"query-input":{"@type":"PropertyValueSpecification","valueRequired":true,"valueName":"search_term_string"}}],"inLanguage":"es"}]}},"_links":{"self":[{"href":"https:\/\/somconnexio.coop\/es\/wp-json\/wp\/v2\/pages\/23488","targetHints":{"allow":["GET"]}}],"collection":[{"href":"https:\/\/somconnexio.coop\/es\/wp-json\/wp\/v2\/pages"}],"about":[{"href":"https:\/\/somconnexio.coop\/es\/wp-json\/wp\/v2\/types\/page"}],"author":[{"embeddable":true,"href":"https:\/\/somconnexio.coop\/es\/wp-json\/wp\/v2\/users\/11"}],"replies":[{"embeddable":true,"href":"https:\/\/somconnexio.coop\/es\/wp-json\/wp\/v2\/comments?post=23488"}],"version-history":[{"count":10,"href":"https:\/\/somconnexio.coop\/es\/wp-json\/wp\/v2\/pages\/23488\/revisions"}],"predecessor-version":[{"id":24672,"href":"https:\/\/somconnexio.coop\/es\/wp-json\/wp\/v2\/pages\/23488\/revisions\/24672"}],"wp:attachment":[{"href":"https:\/\/somconnexio.coop\/es\/wp-json\/wp\/v2\/media?parent=23488"}],"curies":[{"name":"wp","href":"https:\/\/api.w.org\/{rel}","templated":true}]}}