  {"id":25052,"date":"2025-02-25T22:28:42","date_gmt":"2025-02-25T21:28:42","guid":{"rendered":"https:\/\/somconnexio.coop\/bases-legals-promocio-tarifa-benvinguda\/"},"modified":"2025-12-09T09:57:38","modified_gmt":"2025-12-09T08:57:38","slug":"bases-legales-promocion-tarifa-bienvenida","status":"publish","type":"page","link":"https:\/\/somconnexio.coop\/es\/bases-legales-promocion-tarifa-bienvenida\/","title":{"rendered":"Bases legales de la promoci\u00f3n \u00abTarifa de bienvenida\u00bb"},"content":{"rendered":"\n<div class=\"wp-block-group alignfull has-seashell-background-color has-background has-global-padding is-layout-constrained wp-block-group-is-layout-constrained\" id=\"sc-layout\">\n<div class=\"wp-block-group has-global-padding is-layout-constrained wp-container-core-group-is-layout-73405a87 wp-block-group-is-layout-constrained\">\n<h1 class=\"wp-block-heading\">Bases legales de la promoci\u00f3n \u201cTarifa de bienvenida\u201d<\/h1>\n\n\n\n<p><\/p>\n\n\n\n<h3 class=\"wp-block-heading\"><strong>Detalles de la Promoci\u00f3n:<\/strong><\/h3>\n\n\n\n<ul class=\"wp-block-list\">\n<li><strong>Nombre de la Promoci\u00f3n:<\/strong> Tarifa de Bienvenida<\/li>\n\n\n\n<li><strong>Operadora:<\/strong> Somos Conexi\u00f3n<\/li>\n\n\n\n<li><strong>Beneficio:<\/strong> Primer mes de servicios de telefon\u00eda e internet completamente gratis.<\/li>\n\n\n\n<li><strong>Elegibilidad:<\/strong> Exclusiva para miembros de las entidades que lleguen a un acuerdo de intercooperaci\u00f3n con Somos Conexi\u00f3n que incluya la activaci\u00f3n de esta promoci\u00f3n.<\/li>\n\n\n\n<li><strong>Fechas de la Promoci\u00f3n:<\/strong> seg\u00fan acuerdo con la entidad en cuesti\u00f3n. Para conocer las fechas exactas de la promoci\u00f3n, contacte con la entidad.<\/li>\n<\/ul>\n\n\n\n<div style=\"height:20px\" aria-hidden=\"true\" class=\"wp-block-spacer\"><\/div>\n\n\n\n<h3 class=\"wp-block-heading\"><strong>T\u00e9rminos y Condiciones:<\/strong><\/h3>\n\n\n\n<ol class=\"wp-block-list\">\n<li>La promoci\u00f3n \u00abTarifa de Bienvenida\u00bb es v\u00e1lida \u00fanicamente para nuevos clientes que sean miembros de la entidad con la que Somos Conexi\u00f3n tenga un acuerdo vigente.<\/li>\n\n\n\n<li>Solo podr\u00e1n participar en la promoci\u00f3n personas f\u00edsicas mayores de 18 a\u00f1os.<\/li>\n\n\n\n<li>El beneficio consiste en la gratuidad de una factura mensual completa del servicio contratado.<\/li>\n\n\n\n<li>Facturaci\u00f3n: el mes gratuito de la tarifa bienvenida ser\u00e1 de aplicaci\u00f3n en la primera factura correspondiente a un mes entero.<\/li>\n\n\n\n<li>Una vez recibido el descuento de la promoci\u00f3n, el cliente continuar\u00e1 con el plan contratado a la tarifa regular vigente.<\/li>\n\n\n\n<li>No acumulable con otras promociones o descuentos.<\/li>\n\n\n\n<li>Promoci\u00f3n sujeta a disponibilidad y cobertura.<\/li>\n\n\n\n<li>La promoci\u00f3n es personal e intransferible, y en ning\u00fan caso podr\u00e1 ser objeto de cambio, cesi\u00f3n o regalo a otros usuarios o terceros.<\/li>\n\n\n\n<li>Todos los nuevos clientes, por el hecho de participar en esta promoci\u00f3n, aceptan las presentes bases.<\/li>\n<\/ol>\n\n\n\n<div style=\"height:20px\" aria-hidden=\"true\" class=\"wp-block-spacer\"><\/div>\n\n\n\n<h3 class=\"wp-block-heading\"><strong>C\u00f3mo aprovechar esta promoci\u00f3n:<\/strong><\/h3>\n\n\n\n<ol class=\"wp-block-list\">\n<li>Verifica si tu entidad tiene un acuerdo vigente con Somos Conexi\u00f3n.<\/li>\n\n\n\n<li>Solicita a tu entidad el enlace especial que te dirigir\u00e1 a la p\u00e1gina web de la promoci\u00f3n<\/li>\n\n\n\n<li>Selecciona el plan de telefon\u00eda o internet que mejor se adapte a tus necesidades.<\/li>\n\n\n\n<li>Contrata tu plan y obt\u00e9n autom\u00e1ticamente tu primer mes de servicio gratis.<\/li>\n<\/ol>\n\n\n\n<p><strong>\u00a1Con\u00e9ctate ahora y disfruta del primer mes gratis con la Tarifa de Bienvenida de Somos Conexi\u00f3n!<\/strong><strong>nexi\u00f3!<\/strong><br><\/p>\n<\/div>\n<\/div>\n\n\n\n<div class=\"wp-block-group alignfull has-seashell-background-color has-background has-global-padding is-layout-constrained wp-block-group-is-layout-constrained\">\n<figure class=\"wp-block-image alignfull size-full\"><img loading=\"lazy\" decoding=\"async\" width=\"1440\" height=\"466\" src=\"https:\/\/somconnexio.codeccoop.org\/wp-content\/uploads\/2025\/01\/illustrated-footers.png\" alt=\"\" class=\"wp-image-22390\" srcset=\"https:\/\/somconnexio.coop\/wp-content\/uploads\/2025\/01\/illustrated-footers.png 1440w, https:\/\/somconnexio.coop\/wp-content\/uploads\/2025\/01\/illustrated-footers-300x97.png 300w, https:\/\/somconnexio.coop\/wp-content\/uploads\/2025\/01\/illustrated-footers-1024x331.png 1024w, https:\/\/somconnexio.coop\/wp-content\/uploads\/2025\/01\/illustrated-footers-768x249.png 768w\" sizes=\"auto, (max-width: 1440px) 100vw, 1440px\" \/><\/figure>\n<\/div>\n","protected":false},"excerpt":{"rendered":"<p>Bases legales de la promoci\u00f3n \u201cTarifa de bienvenida\u201d Detalles de la Promoci\u00f3n: T\u00e9rminos y Condiciones: C\u00f3mo aprovechar esta promoci\u00f3n: \u00a1Con\u00e9ctate ahora y disfruta del primer mes gratis con la Tarifa de Bienvenida de Somos Conexi\u00f3n!nexi\u00f3!<\/p>\n","protected":false},"author":1,"featured_media":0,"parent":0,"menu_order":0,"comment_status":"closed","ping_status":"closed","template":"","meta":{"footnotes":""},"class_list":["post-25052","page","type-page","status-publish","hentry"],"yoast_head":"<!-- This site is optimized with the Yoast SEO plugin v25.1 - https:\/\/yoast.com\/wordpress\/plugins\/seo\/ -->\n<title>Bases legales de la promoci\u00f3n &quot;Tarifa de bienvenida&quot; - Somos Conexi\u00f3n<\/title>\n<meta name=\"robots\" content=\"index, follow, max-snippet:-1, max-image-preview:large, max-video-preview:-1\" \/>\n<link rel=\"canonical\" href=\"https:\/\/somconnexio.coop\/es\/bases-legales-promocion-tarifa-bienvenida\/\" \/>\n<meta property=\"og:locale\" content=\"es_ES\" \/>\n<meta property=\"og:type\" content=\"article\" \/>\n<meta property=\"og:title\" content=\"Bases legales de la promoci\u00f3n &quot;Tarifa de bienvenida&quot; - Somos Conexi\u00f3n\" \/>\n<meta property=\"og:description\" content=\"Bases legales de la promoci\u00f3n \u201cTarifa de bienvenida\u201d Detalles de la Promoci\u00f3n: T\u00e9rminos y Condiciones: C\u00f3mo aprovechar esta promoci\u00f3n: \u00a1Con\u00e9ctate ahora y disfruta del primer mes gratis con la Tarifa de Bienvenida de Somos Conexi\u00f3n!nexi\u00f3!\" \/>\n<meta property=\"og:url\" content=\"https:\/\/somconnexio.coop\/es\/bases-legales-promocion-tarifa-bienvenida\/\" \/>\n<meta property=\"og:site_name\" content=\"Somos Conexi\u00f3n\" \/>\n<meta property=\"article:modified_time\" content=\"2025-12-09T08:57:38+00:00\" \/>\n<meta property=\"og:image\" content=\"https:\/\/somconnexio.coop\/wp-content\/uploads\/2025\/01\/illustrated-footers.png\" \/>\n\t<meta property=\"og:image:width\" content=\"1440\" \/>\n\t<meta property=\"og:image:height\" content=\"466\" \/>\n\t<meta property=\"og:image:type\" content=\"image\/png\" \/>\n<meta name=\"twitter:card\" content=\"summary_large_image\" \/>\n<meta name=\"twitter:label1\" content=\"Tiempo de lectura\" \/>\n\t<meta name=\"twitter:data1\" content=\"2 minutos\" \/>\n<script type=\"application\/ld+json\" class=\"yoast-schema-graph\">{\"@context\":\"https:\/\/schema.org\",\"@graph\":[{\"@type\":\"WebPage\",\"@id\":\"https:\/\/somconnexio.coop\/es\/bases-legales-promocion-tarifa-bienvenida\/\",\"url\":\"https:\/\/somconnexio.coop\/es\/bases-legales-promocion-tarifa-bienvenida\/\",\"name\":\"Bases legales de la promoci\u00f3n \\\"Tarifa de bienvenida\\\" - Somos Conexi\u00f3n\",\"isPartOf\":{\"@id\":\"https:\/\/somconnexio.coop\/#website\"},\"primaryImageOfPage\":{\"@id\":\"https:\/\/somconnexio.coop\/es\/bases-legales-promocion-tarifa-bienvenida\/#primaryimage\"},\"image\":{\"@id\":\"https:\/\/somconnexio.coop\/es\/bases-legales-promocion-tarifa-bienvenida\/#primaryimage\"},\"thumbnailUrl\":\"https:\/\/somconnexio.codeccoop.org\/wp-content\/uploads\/2025\/01\/illustrated-footers.png\",\"datePublished\":\"2025-02-25T21:28:42+00:00\",\"dateModified\":\"2025-12-09T08:57:38+00:00\",\"breadcrumb\":{\"@id\":\"https:\/\/somconnexio.coop\/es\/bases-legales-promocion-tarifa-bienvenida\/#breadcrumb\"},\"inLanguage\":\"es\",\"potentialAction\":[{\"@type\":\"ReadAction\",\"target\":[\"https:\/\/somconnexio.coop\/es\/bases-legales-promocion-tarifa-bienvenida\/\"]}]},{\"@type\":\"ImageObject\",\"inLanguage\":\"es\",\"@id\":\"https:\/\/somconnexio.coop\/es\/bases-legales-promocion-tarifa-bienvenida\/#primaryimage\",\"url\":\"https:\/\/somconnexio.codeccoop.org\/wp-content\/uploads\/2025\/01\/illustrated-footers.png\",\"contentUrl\":\"https:\/\/somconnexio.codeccoop.org\/wp-content\/uploads\/2025\/01\/illustrated-footers.png\"},{\"@type\":\"BreadcrumbList\",\"@id\":\"https:\/\/somconnexio.coop\/es\/bases-legales-promocion-tarifa-bienvenida\/#breadcrumb\",\"itemListElement\":[{\"@type\":\"ListItem\",\"position\":1,\"name\":\"Portada\",\"item\":\"https:\/\/somconnexio.coop\/es\/\"},{\"@type\":\"ListItem\",\"position\":2,\"name\":\"Bases legales de la promoci\u00f3n \u00abTarifa de bienvenida\u00bb\"}]},{\"@type\":\"WebSite\",\"@id\":\"https:\/\/somconnexio.coop\/#website\",\"url\":\"https:\/\/somconnexio.coop\/\",\"name\":\"Somos Conexi\u00f3n\",\"description\":\"la 1a cooperativa de telefon\u00eda e internet\",\"potentialAction\":[{\"@type\":\"SearchAction\",\"target\":{\"@type\":\"EntryPoint\",\"urlTemplate\":\"https:\/\/somconnexio.coop\/?s={search_term_string}\"},\"query-input\":{\"@type\":\"PropertyValueSpecification\",\"valueRequired\":true,\"valueName\":\"search_term_string\"}}],\"inLanguage\":\"es\"}]}<\/script>\n<!-- \/ Yoast SEO plugin. -->","yoast_head_json":{"title":"Bases legales de la promoci\u00f3n \"Tarifa de bienvenida\" - Somos Conexi\u00f3n","robots":{"index":"index","follow":"follow","max-snippet":"max-snippet:-1","max-image-preview":"max-image-preview:large","max-video-preview":"max-video-preview:-1"},"canonical":"https:\/\/somconnexio.coop\/es\/bases-legales-promocion-tarifa-bienvenida\/","og_locale":"es_ES","og_type":"article","og_title":"Bases legales de la promoci\u00f3n \"Tarifa de bienvenida\" - Somos Conexi\u00f3n","og_description":"Bases legales de la promoci\u00f3n \u201cTarifa de bienvenida\u201d Detalles de la Promoci\u00f3n: T\u00e9rminos y Condiciones: C\u00f3mo aprovechar esta promoci\u00f3n: \u00a1Con\u00e9ctate ahora y disfruta del primer mes gratis con la Tarifa de Bienvenida de Somos Conexi\u00f3n!nexi\u00f3!","og_url":"https:\/\/somconnexio.coop\/es\/bases-legales-promocion-tarifa-bienvenida\/","og_site_name":"Somos Conexi\u00f3n","article_modified_time":"2025-12-09T08:57:38+00:00","og_image":[{"width":1440,"height":466,"url":"https:\/\/somconnexio.coop\/wp-content\/uploads\/2025\/01\/illustrated-footers.png","type":"image\/png"}],"twitter_card":"summary_large_image","twitter_misc":{"Tiempo de lectura":"2 minutos"},"schema":{"@context":"https:\/\/schema.org","@graph":[{"@type":"WebPage","@id":"https:\/\/somconnexio.coop\/es\/bases-legales-promocion-tarifa-bienvenida\/","url":"https:\/\/somconnexio.coop\/es\/bases-legales-promocion-tarifa-bienvenida\/","name":"Bases legales de la promoci\u00f3n \"Tarifa de bienvenida\" - Somos Conexi\u00f3n","isPartOf":{"@id":"https:\/\/somconnexio.coop\/#website"},"primaryImageOfPage":{"@id":"https:\/\/somconnexio.coop\/es\/bases-legales-promocion-tarifa-bienvenida\/#primaryimage"},"image":{"@id":"https:\/\/somconnexio.coop\/es\/bases-legales-promocion-tarifa-bienvenida\/#primaryimage"},"thumbnailUrl":"https:\/\/somconnexio.codeccoop.org\/wp-content\/uploads\/2025\/01\/illustrated-footers.png","datePublished":"2025-02-25T21:28:42+00:00","dateModified":"2025-12-09T08:57:38+00:00","breadcrumb":{"@id":"https:\/\/somconnexio.coop\/es\/bases-legales-promocion-tarifa-bienvenida\/#breadcrumb"},"inLanguage":"es","potentialAction":[{"@type":"ReadAction","target":["https:\/\/somconnexio.coop\/es\/bases-legales-promocion-tarifa-bienvenida\/"]}]},{"@type":"ImageObject","inLanguage":"es","@id":"https:\/\/somconnexio.coop\/es\/bases-legales-promocion-tarifa-bienvenida\/#primaryimage","url":"https:\/\/somconnexio.codeccoop.org\/wp-content\/uploads\/2025\/01\/illustrated-footers.png","contentUrl":"https:\/\/somconnexio.codeccoop.org\/wp-content\/uploads\/2025\/01\/illustrated-footers.png"},{"@type":"BreadcrumbList","@id":"https:\/\/somconnexio.coop\/es\/bases-legales-promocion-tarifa-bienvenida\/#breadcrumb","itemListElement":[{"@type":"ListItem","position":1,"name":"Portada","item":"https:\/\/somconnexio.coop\/es\/"},{"@type":"ListItem","position":2,"name":"Bases legales de la promoci\u00f3n \u00abTarifa de bienvenida\u00bb"}]},{"@type":"WebSite","@id":"https:\/\/somconnexio.coop\/#website","url":"https:\/\/somconnexio.coop\/","name":"Somos Conexi\u00f3n","description":"la 1a cooperativa de telefon\u00eda e internet","potentialAction":[{"@type":"SearchAction","target":{"@type":"EntryPoint","urlTemplate":"https:\/\/somconnexio.coop\/?s={search_term_string}"},"query-input":{"@type":"PropertyValueSpecification","valueRequired":true,"valueName":"search_term_string"}}],"inLanguage":"es"}]}},"_links":{"self":[{"href":"https:\/\/somconnexio.coop\/es\/wp-json\/wp\/v2\/pages\/25052","targetHints":{"allow":["GET"]}}],"collection":[{"href":"https:\/\/somconnexio.coop\/es\/wp-json\/wp\/v2\/pages"}],"about":[{"href":"https:\/\/somconnexio.coop\/es\/wp-json\/wp\/v2\/types\/page"}],"author":[{"embeddable":true,"href":"https:\/\/somconnexio.coop\/es\/wp-json\/wp\/v2\/users\/1"}],"replies":[{"embeddable":true,"href":"https:\/\/somconnexio.coop\/es\/wp-json\/wp\/v2\/comments?post=25052"}],"version-history":[{"count":2,"href":"https:\/\/somconnexio.coop\/es\/wp-json\/wp\/v2\/pages\/25052\/revisions"}],"predecessor-version":[{"id":27629,"href":"https:\/\/somconnexio.coop\/es\/wp-json\/wp\/v2\/pages\/25052\/revisions\/27629"}],"wp:attachment":[{"href":"https:\/\/somconnexio.coop\/es\/wp-json\/wp\/v2\/media?parent=25052"}],"curies":[{"name":"wp","href":"https:\/\/api.w.org\/{rel}","templated":true}]}}